{"id":3836,"date":"2021-06-08T11:54:11","date_gmt":"2021-06-08T09:54:11","guid":{"rendered":"https:\/\/feaf.es\/aviso-legal\/"},"modified":"2021-12-16T09:39:07","modified_gmt":"2021-12-16T08:39:07","slug":"legal-warning","status":"publish","type":"page","link":"https:\/\/feaf.es\/en\/legal-warning\/","title":{"rendered":"Legal warning"},"content":{"rendered":"\n<p><strong>1. Datos del responsable<\/strong><\/p>\n\n\n\n<p>En cumplimiento del art\u00edculo 10 de la Ley 34\/2002 del 11 de julio de Servicios de la Sociedad de la Informaci\u00f3n y Comercio Electr\u00f3nico, a continuaci\u00f3n se exponen los datos identificativos del responsable:<\/p>\n\n\n\n<p>Denominaci\u00f3n: <strong>FEDERACI\u00d3N ESPA\u00d1OLA DE ASOCIACIONES DE FUNDIDORES<\/strong><br>C.I.F.\/N.I.F.: <strong>V48918211<\/strong><br>Domicilio Social: <strong>Alameda de Urquijo 33,1\u00ba Dcha., 48008 Bilbao (Vizcaya)<\/strong><br><strong>Estatutos depositados en el Ministerio de Empleo y Seguridad social. Exp. N\u00aa 7066 desde el 29\/04\/1997<br>Tel\u00e9fono: 944 700 707<\/strong><br>Correo electr\u00f3nico:<strong> <a href=\"mailto:feaf@feaf.es\" target=\"_blank\" rel=\"noreferrer noopener\">feaf@feaf.es<\/a><\/strong><\/p>\n\n\n\n<p>A trav\u00e9s de esta misma p\u00e1gina se accede tambi\u00e9n a los servicios prestados por otras tres entidades que forman parte de la federaci\u00f3n y que comparten tanto el domicilio como los datos de contacto<\/p>\n\n\n\n<ul class=\"wp-block-list\"><li><strong>ASOCIACI\u00d3N DE FUNDIDORES DEL PA\u00cdS VASCO Y NAVARRA<\/strong> con CIF: G48185060. Inscrita en el Registro Nacional de Asociaciones grupo 1\u00ba Secci\u00f3n 1\u00aa N\u00famero Nacional 607035.<\/li><li><strong>ASOCIACI\u00d3N T\u00c9CNICA Y DESARROLLO DE LA FUNDICI\u00d3N A PRESI\u00d3N ESPA\u00d1OLA<\/strong> con CIF: G20485405. Con estatutos depositados en el Ministerio de Trabajo y Asuntos sociales con el N\u00aa de Expediente 5456.<\/li><li><strong>ASOCIACI\u00d3N DE FUNDIDORES DE CATALU\u00d1A<\/strong> con CIF: G58302332. Con estatutos depositados en CMAC de Barcelona. Numero de Registro de deposito 08\/618C.<\/li><\/ul>\n\n\n\n<p><\/p>\n\n\n\n<div style=\"height:35px\" aria-hidden=\"true\" class=\"wp-block-spacer\"><\/div>\n\n\n\n<p><strong>2. Propiedad intelectual<\/strong><\/p>\n\n\n\n<p>El c\u00f3digo fuente, los dise\u00f1os gr\u00e1ficos, las im\u00e1genes, las fotograf\u00edas, los sonidos, las animaciones, el software, los textos, as\u00ed como la informaci\u00f3n y los contenidos que se recogen en el presente sitio web est\u00e1n protegidos por la legislaci\u00f3n espa\u00f1ola sobre los derechos de propiedad intelectual e industrial a favor de <strong>FEDERACI\u00d3N ESPA\u00d1OLA DE ASOCIACIONES DE FUNDIDORES<\/strong> y no se permite la reproducci\u00f3n y\/o publicaci\u00f3n, total o parcial, del sitio web, ni su tratamiento inform\u00e1tico, su distribuci\u00f3n, su difusi\u00f3n, ni su modificaci\u00f3n, transformaci\u00f3n o descompilaci\u00f3n, ni dem\u00e1s derechos reconocidos legalmente a su titular, sin el permiso previo y por escrito del mismo <strong>FEDERACI\u00d3N ESPA\u00d1OLA DE ASOCIACIONES DE FUNDIDORES<\/strong>.<\/p>\n\n\n\n<p>El usuario, \u00fanica y exclusivamente, puede utilizar el material que aparezca en este sitio web para su uso personal y privado, quedando prohibido su uso con fines comerciales o para incurrir en actividades il\u00edcitas. Todos los derechos derivados de la propiedad intelectual est\u00e1n expresamente reservados por <strong>FEDERACI\u00d3N ESPA\u00d1OLA DE ASOCIACIONES DE FUNDIDORES<\/strong>.<\/p>\n\n\n\n<p><strong>FEDERACI\u00d3N ESPA\u00d1OLA DE ASOCIACIONES DE FUNDIDORES <\/strong>velar\u00e1 por el cumplimiento de las anteriores condiciones como por la debida utilizaci\u00f3n de los contenidos presentados en sus p\u00e1ginas web, ejercit\u00e1ndose todas las acciones civiles y penales que le correspondan en el caso de infracci\u00f3n o incumplimiento de estos derechos por parte del usuario.<\/p>\n\n\n\n<div style=\"height:38px\" aria-hidden=\"true\" class=\"wp-block-spacer\"><\/div>\n\n\n\n<p><strong>3. Protecci\u00f3n de datos de car\u00e1cter personal<\/strong><br><br>Encontrar\u00e1 informaci\u00f3n detallada sobre el tratamiento de sus datos personales en el apartado <em>Declaraci\u00f3n de privacidad extensa<\/em> en esta misma web.<\/p>\n\n\n\n<div style=\"height:37px\" aria-hidden=\"true\" class=\"wp-block-spacer\"><\/div>\n\n\n\n<p><strong>4. Varios<\/strong><\/p>\n\n\n\n<p>A.- <strong>FEDERACI\u00d3N ESPA\u00d1OLA DE ASOCIACIONES DE FUNDIDORES<\/strong> podr\u00e1 modificar, sin previo aviso, la informaci\u00f3n contenida en su sitio web, as\u00ed como su configuraci\u00f3n y presentaci\u00f3n.<\/p>\n\n\n\n<p>B.- <strong>FEDERACI\u00d3N ESPA\u00d1OLA DE ASOCIACIONES DE FUNDIDORES<\/strong> se compromete a trav\u00e9s de este medio a no realizar publicidad enga\u00f1osa. A estos efectos, por lo tanto, no ser\u00e1n considerados como publicidad enga\u00f1osa los errores formales o num\u00e9ricos que puedan encontrarse a lo largo del contenido de las distintas secciones de la web de <strong>FEDERACI\u00d3N ESPA\u00d1OLA DE ASOCIACIONES DE FUNDIDORES <\/strong>producidos como consecuencia de un mantenimiento y\/o actualizaci\u00f3n incompleta o defectuosa de la informaci\u00f3n contenida en estas secciones. <strong>FEDERACI\u00d3N ESPA\u00d1OLA DE ASOCIACIONES DE FUNDIDORES <\/strong>como consecuencia de lo dispuesto en este apartado, se compromete a corregirlo tan pronto como tenga conocimiento de dichos errores.<\/p>\n\n\n\n<p>C.- <strong>FEDERACI\u00d3N ESPA\u00d1OLA DE ASOCIACIONES DE FUNDIDORES<\/strong> se compromete a no emitir comunicados comerciales sin identificarlos como tales, conforme a lo dispuesto en la Ley 34\/2002 de Servicios de la Sociedad de la Informaci\u00f3n y de comercio electr\u00f3nico. A estos efectos no ser\u00e1 considerado como comunicaci\u00f3n comercial toda la informaci\u00f3n que se env\u00ede a <strong>los clientes<\/strong> de <strong>FEDERACI\u00d3N ESPA\u00d1OLA DE ASOCIACIONES DE FUNDIDORES<\/strong> siempre que tenga por finalidad el mantenimiento de la relaci\u00f3n contractual existente entre cliente y <strong>FEDERACI\u00d3N ESPA\u00d1OLA DE ASOCIACIONES DE FUNDIDORES<\/strong> , as\u00ed como el desempe\u00f1o de las tareas de informaci\u00f3n, formaci\u00f3n y otras actividades propias del servicio que el cliente tiene contratado con la empresa.<\/p>\n\n\n\n<p>D.- <strong>FEDERACI\u00d3N ESPA\u00d1OLA DE ASOCIACIONES DE FUNDIDORES<\/strong> no se hace responsable del incumplimiento de cualquier norma aplicable en que pueda incurrir el usuario en su acceso al sitio web el presente sitio web y\/o en el uso de las informaciones contenidas en el mismo.<\/p>\n\n\n\n<p>E.-<strong> FEDERACI\u00d3N ESPA\u00d1OLA DE ASOCIACIONES DE FUNDIDORES <\/strong>no ser\u00e1 responsable de los da\u00f1os y perjuicios producidos o que puedan producirse, cualquiera que sea su naturaleza, que se deriven del uso de la informaci\u00f3n, de las materias contenidas en este web site y de los programas que incorpora. Los enlaces (links) e hipertexto que posibiliten, a trav\u00e9s del sitio web el presente sitio web, acceder al usuario a prestaciones y servicios ofrecidos por terceros, no pertenecen ni se encuentran bajo el control de <strong>FEDERACI\u00d3N ESPA\u00d1OLA DE ASOCIACIONES DE FUNDIDORES<\/strong>; dicha entidad no se hace responsable ni de la informaci\u00f3n contenida en los mismos, ni de cualesquiera efectos que pudieran derivarse de dicha informaci\u00f3n.<\/p>\n\n\n\n<p>F.- <strong>FEDERACI\u00d3N ESPA\u00d1OLA DE ASOCIACIONES DE FUNDIDORES<\/strong> no se hace responsable del uso ileg\u00edtimo que terceras personas puedan hacer de los nombres de marca, nombres de producto, marcas comerciales que, no siendo propiedad de dicha entidad, aparezcan en el presente sitio web. Tampoco se responsabiliza de la integridad, veracidad y licitud del contenido de los enlaces a las webs a las que pueda accederse desde el presente sitio web.<\/p>\n\n\n\n<p>G.- En definitiva, el Usuario es el \u00fanico responsable del uso que realice de los servicios, contenidos, enlaces (links) e hipertexto incluidos en el sitio web el presente sitio web.<\/p>\n\n\n\n<div style=\"height:56px\" aria-hidden=\"true\" class=\"wp-block-spacer\"><\/div>\n\n\n\n<p><\/p>\n","protected":false},"excerpt":{"rendered":"<p>1. Datos del responsable En cumplimiento del art\u00edculo 10 de la Ley 34\/2002 del 11 de julio de Servicios de la Sociedad de la Informaci\u00f3n y Comercio Electr\u00f3nico, a continuaci\u00f3n se exponen los datos identificativos del responsable: Denominaci\u00f3n: FEDERACI\u00d3N ESPA\u00d1OLA DE ASOCIACIONES DE FUNDIDORESC.I.F.\/N.I.F.: V48918211Domicilio Social: Alameda de Urquijo 33,1\u00ba Dcha., 48008 Bilbao (Vizcaya)Estatutos depositados&hellip; <a class=\"more-link\" href=\"https:\/\/feaf.es\/en\/legal-warning\/\">Continue reading <span class=\"screen-reader-text\">Legal warning<\/span><\/a><\/p>\n","protected":false},"author":1,"featured_media":0,"parent":0,"menu_order":0,"comment_status":"closed","ping_status":"closed","template":"","meta":{"_acf_changed":false,"footnotes":""},"class_list":["post-3836","page","type-page","status-publish","hentry","entry"],"acf":[],"_links":{"self":[{"href":"https:\/\/feaf.es\/en\/wp-json\/wp\/v2\/pages\/3836","targetHints":{"allow":["GET"]}}],"collection":[{"href":"https:\/\/feaf.es\/en\/wp-json\/wp\/v2\/pages"}],"about":[{"href":"https:\/\/feaf.es\/en\/wp-json\/wp\/v2\/types\/page"}],"author":[{"embeddable":true,"href":"https:\/\/feaf.es\/en\/wp-json\/wp\/v2\/users\/1"}],"replies":[{"embeddable":true,"href":"https:\/\/feaf.es\/en\/wp-json\/wp\/v2\/comments?post=3836"}],"version-history":[{"count":1,"href":"https:\/\/feaf.es\/en\/wp-json\/wp\/v2\/pages\/3836\/revisions"}],"predecessor-version":[{"id":3837,"href":"https:\/\/feaf.es\/en\/wp-json\/wp\/v2\/pages\/3836\/revisions\/3837"}],"wp:attachment":[{"href":"https:\/\/feaf.es\/en\/wp-json\/wp\/v2\/media?parent=3836"}],"curies":[{"name":"wp","href":"https:\/\/api.w.org\/{rel}","templated":true}]}}